{"id":12,"date":"2014-12-22T12:18:10","date_gmt":"2014-12-22T10:18:10","guid":{"rendered":"http:\/\/www.eu-fondy.sk\/?page_id=12"},"modified":"2015-06-22T10:33:59","modified_gmt":"2015-06-22T08:33:59","slug":"o-nas","status":"publish","type":"page","link":"https:\/\/www.eu-fondy.sk\/?page_id=12","title":{"rendered":"O n\u00e1s"},"content":{"rendered":"<p style=\"text-align: justify;\">Na\u0161a \u010dinnos\u0165 je zameran\u00e1 na zabezpe\u010denie dostupnosti nen\u00e1vratn\u00fdch finan\u010dn\u00fdch pr\u00edspevkov zo \u0161truktur\u00e1lnych a investi\u010dn\u00fdch fondov Eur\u00f3pskej \u00danie pre v\u0161etk\u00fdch, ktor\u00ed maj\u00fa z\u00e1ujem o implement\u00e1ciu \u00faspe\u0161n\u00fdch a kvalitne realizovan\u00fdch projektov.<\/p>\n<p style=\"text-align: justify;\">Disponujeme sk\u00fasen\u00fdmi odborn\u00edkmi s dlhoro\u010dnou praxou v oblasti sprostredkovania \u0161truktur\u00e1lnych a investi\u010dn\u00fdch fondov E\u00da, implement\u00e1cie schv\u00e1len\u00fdch projektov a syst\u00e9mu vn\u00fatornej kontroly a auditu E\u00da fondov. Komunik\u00e1ciu a spolupr\u00e1cu s klientom realizujeme na z\u00e1klade osobnej konzult\u00e1cie projektov\u00e9ho z\u00e1meru a po\u017eiadaviek klienta.<\/p>\n<p><strong>Zabezpe\u010d\u00edme komplexn\u00e9 slu\u017eby odborn\u00e9ho dota\u010dn\u00e9ho poradenstva:<\/strong><\/p>\n<ul>\n<li style=\"text-align: justify;\"><em><strong>poskytnutie z\u00e1kladn\u00fdch inform\u00e1ci\u00ed o mo\u017enostiach realiz\u00e1cie projektov<\/strong><\/em><\/li>\n<li style=\"text-align: justify;\"><em><strong>sledovanie a vyh\u013ead\u00e1vanie vhodn\u00fdch v\u00fdziev na poskytnutie nen\u00e1vratn\u00e9ho finan\u010dn\u00e9ho pr\u00edspevku pre na\u0161ich klientov<\/strong><\/em><\/li>\n<li style=\"text-align: justify;\"><em><strong>vypracovanie projektu pod\u013ea po\u017eiadaviek klienta so zoh\u013eadnen\u00edm najoptim\u00e1lnej\u0161ieho a najefekt\u00edvnej\u0161ieho sp\u00f4sobu rie\u0161enia (vypracovanie \u017eiadosti o poskytnutie nen\u00e1vratn\u00e9ho finan\u010dn\u00e9ho pr\u00edspevku vr\u00e1tane relevantn\u00fdch pr\u00edloh)<\/strong><\/em><\/li>\n<li style=\"text-align: justify;\"><em><strong>zabezpe\u010denie komunik\u00e1cie a konzult\u00e1ci\u00ed so sprostredkovate\u013esk\u00fdmi org\u00e1nmi a pr\u00edslu\u0161n\u00fdmi \u00faradmi<\/strong><\/em><\/li>\n<li style=\"text-align: justify;\"><em><strong>zabezpe\u010denie implement\u00e1cie projektu sk\u00fasen\u00fdmi odborn\u00edkmi &#8211; riadenie projektu<\/strong><\/em><\/li>\n<li style=\"text-align: justify;\"><em><strong>kompletn\u00fd servis t\u00fdkaj\u00faci sa verejn\u00e9ho obstar\u00e1vania<\/strong><\/em><\/li>\n<li style=\"text-align: justify;\"><em><strong>zabezpe\u010denie podporn\u00fdch expertn\u00fdch slu\u017eieb (technick\u00e9, in\u017einierske, projek\u010dn\u00e9 a pod.)<\/strong><\/em><\/li>\n<li style=\"text-align: justify;\"><em><strong>slu\u017eby s\u00favisiace s pomocou pri zabezpe\u010den\u00ed spolufinancovania projektov<\/strong><\/em><\/li>\n<li style=\"text-align: justify;\"><em><strong>individu\u00e1lny a profesion\u00e1lny pr\u00edstup<\/strong><\/em><\/li>\n<li><em><strong>pomoc v pr\u00edpade probl\u00e9mov vzniknut\u00fdch pri implement\u00e1cii u\u017e existuj\u00facich projektov &#8211; rizikov\u00fd mana\u017ement (rie\u0161enie probl\u00e9mov vzniknut\u00fdch v pr\u00edpade nespr\u00e1vne nastaven\u00fdch projektov in\u00fdmi sprostredkovate\u013esk\u00fdmi spolo\u010dnos\u0165ami)<\/strong><\/em><\/li>\n<li><em><strong>\u0161kolenia zameran\u00e9 na \u00faspe\u0161n\u00fa realiz\u00e1ciu a \u010derpanie fondov a na predch\u00e1dzanie ch\u00fdb pri vytv\u00e1ran\u00ed projektov<\/strong><\/em><\/li>\n<li><em><strong>finan\u010dn\u00e1 z\u00e1bezpeka ako n\u00e1stroj ochrany na\u0161ich klientov<\/strong><\/em><\/li>\n<\/ul>\n<p style=\"text-align: justify;\">Na z\u00e1klade dlhoro\u010dnej praxe v oblasti schva\u013eovania a implement\u00e1cie projektov sme sa rozhodli vst\u00fapi\u0165 na slovensk\u00fd sprostredkovate\u013esk\u00fd trh s v\u00edziou vytv\u00e1rania kvalitne realizovan\u00fdch projektov a ochrany \u017eiadate\u013eov ako bud\u00facich prij\u00edmate\u013eov, ktor\u00ed nes\u00fa najv\u00e4\u010d\u0161ie riziko spojen\u00e9 s realiz\u00e1ciou projektu. Je to pr\u00e1ve kone\u010dn\u00fd prij\u00edmate\u013e, ktor\u00fd mus\u00ed zn\u00e1\u0161a\u0165 v\u0161etky rizik\u00e1 spojen\u00e9 s implement\u00e1ciou projektov, identifik\u00e1ciou nezrovnalost\u00ed a vysporiadan\u00edm mo\u017en\u00fdch neopr\u00e1vnen\u00fdch v\u00fddavkov. Opierame sa o priame sk\u00fasenosti s r\u00f4znymi typmi auditov a kontrol v predch\u00e1dzaj\u00facom programovom obdob\u00ed. Pr\u00e1ve na z\u00e1klade nadobudnut\u00fdch sk\u00fasenost\u00ed v oblasti riadenia, implement\u00e1cie, schva\u013eovania a n\u00e1slednej kontroly projektov dok\u00e1\u017eeme eliminova\u0165 riziko spojen\u00e9 s realiz\u00e1ciou projektov pre na\u0161ich klientov.<\/p>\n<p>&nbsp;<\/p>\n","protected":false},"excerpt":{"rendered":"<p>Na\u0161a \u010dinnos\u0165 je zameran\u00e1 na zabezpe\u010denie dostupnosti nen\u00e1vratn\u00fdch finan\u010dn\u00fdch pr\u00edspevkov zo \u0161truktur\u00e1lnych a investi\u010dn\u00fdch fondov Eur\u00f3pskej \u00danie pre v\u0161etk\u00fdch, ktor\u00ed maj\u00fa z\u00e1ujem o implement\u00e1ciu \u00faspe\u0161n\u00fdch a kvalitne realizovan\u00fdch projektov. Disponujeme sk\u00fasen\u00fdmi odborn\u00edkmi s dlhoro\u010dnou praxou v oblasti sprostredkovania \u0161truktur\u00e1lnych a &hellip; <a href=\"https:\/\/www.eu-fondy.sk\/?page_id=12\">Read More<\/a><\/p>\n","protected":false},"author":1,"featured_media":245,"parent":0,"menu_order":0,"comment_status":"open","ping_status":"open","template":"","meta":[],"_links":{"self":[{"href":"https:\/\/www.eu-fondy.sk\/index.php?rest_route=\/wp\/v2\/pages\/12"}],"collection":[{"href":"https:\/\/www.eu-fondy.sk\/index.php?rest_route=\/wp\/v2\/pages"}],"about":[{"href":"https:\/\/www.eu-fondy.sk\/index.php?rest_route=\/wp\/v2\/types\/page"}],"author":[{"embeddable":true,"href":"https:\/\/www.eu-fondy.sk\/index.php?rest_route=\/wp\/v2\/users\/1"}],"replies":[{"embeddable":true,"href":"https:\/\/www.eu-fondy.sk\/index.php?rest_route=%2Fwp%2Fv2%2Fcomments&post=12"}],"version-history":[{"count":50,"href":"https:\/\/www.eu-fondy.sk\/index.php?rest_route=\/wp\/v2\/pages\/12\/revisions"}],"predecessor-version":[{"id":332,"href":"https:\/\/www.eu-fondy.sk\/index.php?rest_route=\/wp\/v2\/pages\/12\/revisions\/332"}],"wp:featuredmedia":[{"embeddable":true,"href":"https:\/\/www.eu-fondy.sk\/index.php?rest_route=\/wp\/v2\/media\/245"}],"wp:attachment":[{"href":"https:\/\/www.eu-fondy.sk\/index.php?rest_route=%2Fwp%2Fv2%2Fmedia&parent=12"}],"curies":[{"name":"wp","href":"https:\/\/api.w.org\/{rel}","templated":true}]}}