{"id":264,"date":"2015-04-15T14:18:00","date_gmt":"2015-04-15T12:18:00","guid":{"rendered":"http:\/\/www.eu-fondy.sk\/?page_id=264"},"modified":"2015-06-26T10:43:06","modified_gmt":"2015-06-26T08:43:06","slug":"after-care-administracia-projektu","status":"publish","type":"page","link":"https:\/\/www.eu-fondy.sk\/?page_id=264","title":{"rendered":"Administr\u00e1cia projektov"},"content":{"rendered":"<div id=\"stcpDiv\">\n<h3>Administr\u00e1cia dota\u010dn\u00fdch projektov &#8211; slu\u017eba Aftercare<\/h3>\n<p><img decoding=\"async\" loading=\"lazy\" title=\"AfterCare\" src=\"http:\/\/www.enovation.cz\/data\/pageimages\/e83c52f887e7d49f838bc064770fa979.png\" alt=\"AfterCare\" width=\"120\" height=\"29\" \/><\/p>\n<p><strong>Pre \u00faspe\u0161n\u00fd projekt a re\u00e1ln\u00e9 z\u00edskanie dot\u00e1cie nie je k\u013e\u00fa\u010dov\u00e9 iba samotn\u00e9 schv\u00e1lenie projektu, ale predov\u0161etk\u00fdm jeho realiz\u00e1cia.<\/strong><\/p>\n<p style=\"text-align: justify;\">V\u010faka slu\u017ebe AfterCare m\u00f4\u017eete <strong>u\u0161etri\u0165 \u010das V\u00e1\u0161 i \u010das Va\u0161ich zamestnancov<\/strong>, venuj\u00facich sa projektu, a prenecha\u0165 administr\u00e1ciu V\u00e1\u0161ho projektu profesion\u00e1lom s nieko\u013ekoro\u010dn\u00fdmi sk\u00fasenos\u0165ami. <strong>Zv\u00fd\u0161ite tak efektivitu<\/strong>, <strong>zn\u00ed\u017eite n\u00e1klady<\/strong> na administr\u00e1ciu projektu a predov\u0161etk\u00fdm <strong>minimalizujete riziko ch\u00fdb<\/strong> \u010di nepresnost\u00ed v odovzd\u00e1van\u00fdch dokumentoch a z nich vypl\u00fdvaj\u00facich d\u00f4sledkov.<\/p>\n<p><strong>Komplexn\u00e9 slu\u017eby AfterCare zahr\u0148uj\u00fa nasleduj\u00face \u00fakony:<\/strong><\/p>\n<ul>\n<li>vstupn\u00fa anal\u00fdzu podmienok projektu<\/li>\n<li>spracovanie \u017eiadost\u00ed o platbu<\/li>\n<li>spracovanie monitorovac\u00edch spr\u00e1v a inform\u00e1ci\u00ed o \u00fa\u010dastn\u00edkoch projektu<\/li>\n<li>spracovanie spr\u00e1v z realiz\u00e1cie projektu<\/li>\n<li>spracovanie \u017eiadost\u00ed o zmenu zmluvn\u00fdch podmienok<\/li>\n<li>pr\u00edtomnos\u0165 pri kontrole \u0161t\u00e1tnych org\u00e1nov, org\u00e1nov tuzemsk\u00e9ho i medzin\u00e1rodn\u00e9ho auditu na mieste<\/li>\n<\/ul>\n<hr \/>\n<p>Ak m\u00e1te z\u00e1ujem o vyu\u017eitie akejko\u013evek z vy\u0161\u0161ie uveden\u00fdch slu\u017eieb, nev\u00e1hajte a obr\u00e1\u0165te sa na n\u00e1s prostredn\u00edctvom <strong>telef\u00f3nnych \u010d\u00edsel 0908 157 321 (O2), 0917 808 841 (Slovak Telekom)<\/strong>, e-mailu <strong><a href=\"mailto:enovation@enovation.cz\">eu-fondy@outlook.sk<\/a><\/strong> alebo <strong>kontaktn\u00e9ho formul\u00e1ra<\/strong>.<\/p>\n<p>&nbsp;<\/p>\n<\/div>\n","protected":false},"excerpt":{"rendered":"<p>Administr\u00e1cia dota\u010dn\u00fdch projektov &#8211; slu\u017eba Aftercare Pre \u00faspe\u0161n\u00fd projekt a re\u00e1ln\u00e9 z\u00edskanie dot\u00e1cie nie je k\u013e\u00fa\u010dov\u00e9 iba samotn\u00e9 schv\u00e1lenie projektu, ale predov\u0161etk\u00fdm jeho realiz\u00e1cia. V\u010faka slu\u017ebe AfterCare m\u00f4\u017eete u\u0161etri\u0165 \u010das V\u00e1\u0161 i \u010das Va\u0161ich zamestnancov, venuj\u00facich sa projektu, a prenecha\u0165 &hellip; <a href=\"https:\/\/www.eu-fondy.sk\/?page_id=264\">Read More<\/a><\/p>\n","protected":false},"author":1,"featured_media":338,"parent":0,"menu_order":0,"comment_status":"closed","ping_status":"closed","template":"","meta":[],"_links":{"self":[{"href":"https:\/\/www.eu-fondy.sk\/index.php?rest_route=\/wp\/v2\/pages\/264"}],"collection":[{"href":"https:\/\/www.eu-fondy.sk\/index.php?rest_route=\/wp\/v2\/pages"}],"about":[{"href":"https:\/\/www.eu-fondy.sk\/index.php?rest_route=\/wp\/v2\/types\/page"}],"author":[{"embeddable":true,"href":"https:\/\/www.eu-fondy.sk\/index.php?rest_route=\/wp\/v2\/users\/1"}],"replies":[{"embeddable":true,"href":"https:\/\/www.eu-fondy.sk\/index.php?rest_route=%2Fwp%2Fv2%2Fcomments&post=264"}],"version-history":[{"count":12,"href":"https:\/\/www.eu-fondy.sk\/index.php?rest_route=\/wp\/v2\/pages\/264\/revisions"}],"predecessor-version":[{"id":334,"href":"https:\/\/www.eu-fondy.sk\/index.php?rest_route=\/wp\/v2\/pages\/264\/revisions\/334"}],"wp:featuredmedia":[{"embeddable":true,"href":"https:\/\/www.eu-fondy.sk\/index.php?rest_route=\/wp\/v2\/media\/338"}],"wp:attachment":[{"href":"https:\/\/www.eu-fondy.sk\/index.php?rest_route=%2Fwp%2Fv2%2Fmedia&parent=264"}],"curies":[{"name":"wp","href":"https:\/\/api.w.org\/{rel}","templated":true}]}}