{"id":40,"date":"2014-12-22T12:18:20","date_gmt":"2014-12-22T10:18:20","guid":{"rendered":"http:\/\/www.eu-fondy.sk\/?page_id=40"},"modified":"2017-01-17T15:55:18","modified_gmt":"2017-01-17T13:55:18","slug":"kontakt","status":"publish","type":"page","link":"https:\/\/www.eu-fondy.sk\/?page_id=40","title":{"rendered":"Kontakt"},"content":{"rendered":"<p><em><strong>Na\u0161a spolo\u010dnos\u0165 p\u00f4sob\u00ed na celom \u00fazem\u00ed Slovenska.<\/strong><\/em><\/p>\n<p>E-mail: <strong>eu-fondy@outlook.sk<\/strong><\/p>\n<p><strong>Poradenstvo na tel. \u010d\u00edsle 0908 157 231 (Orange)<br \/>\n<\/strong><\/p>\n<p>&nbsp;<\/p>\n<p><strong><em>V pr\u00edpade ot\u00e1zok n\u00e1s pros\u00edm kontaktujte<\/em><\/strong><\/p>\n<div class=\"wpcf7\" id=\"wpcf7-f44-o1\" lang=\"sk-SK\" dir=\"ltr\">\n<div class=\"screen-reader-response\"><\/div>\n<form name=\"\" action=\"\/index.php?rest_route=%2Fwp%2Fv2%2Fpages%2F40#wpcf7-f44-o1\" method=\"post\" class=\"wpcf7-form\" novalidate=\"novalidate\">\n<div style=\"display: none;\">\n<input type=\"hidden\" name=\"_wpcf7\" value=\"44\" \/>\n<input type=\"hidden\" name=\"_wpcf7_version\" value=\"4.0.3\" \/>\n<input type=\"hidden\" name=\"_wpcf7_locale\" value=\"sk_SK\" \/>\n<input type=\"hidden\" name=\"_wpcf7_unit_tag\" value=\"wpcf7-f44-o1\" \/>\n<input type=\"hidden\" name=\"_wpnonce\" value=\"1be83c9187\" \/>\n<\/div>\n<p>Va\u0161e meno (povinn\u00e9)<br \/>\n    <span class=\"wpcf7-form-control-wrap your-name\"><input type=\"text\" name=\"your-name\" value=\"\" size=\"40\" class=\"wpcf7-form-control wpcf7-text wpcf7-validates-as-required\" aria-required=\"true\" aria-invalid=\"false\" \/><\/span> <\/p>\n<p>V\u00e1\u0161 email (povinn\u00e9)<br \/>\n    <span class=\"wpcf7-form-control-wrap your-email\"><input type=\"email\" name=\"your-email\" value=\"\" size=\"40\" class=\"wpcf7-form-control wpcf7-text wpcf7-email wpcf7-validates-as-required wpcf7-validates-as-email\" aria-required=\"true\" aria-invalid=\"false\" \/><\/span> <\/p>\n<p>Predmet<br \/>\n    <span class=\"wpcf7-form-control-wrap your-subject\"><input type=\"text\" name=\"your-subject\" value=\"\" size=\"40\" class=\"wpcf7-form-control wpcf7-text\" aria-invalid=\"false\" \/><\/span> <\/p>\n<p>Va\u0161a spr\u00e1va<br \/>\n    <span class=\"wpcf7-form-control-wrap your-message\"><textarea name=\"your-message\" cols=\"40\" rows=\"10\" class=\"wpcf7-form-control wpcf7-textarea\" aria-invalid=\"false\"><\/textarea><\/span> <\/p>\n<p><input type=\"submit\" value=\"Odo\u0161li\" class=\"wpcf7-form-control wpcf7-submit\" \/><\/p>\n<div class=\"wpcf7-response-output wpcf7-display-none\"><\/div><\/form><\/div>\n","protected":false},"excerpt":{"rendered":"<p>Na\u0161a spolo\u010dnos\u0165 p\u00f4sob\u00ed na celom \u00fazem\u00ed Slovenska. E-mail: eu-fondy@outlook.sk Poradenstvo na tel. \u010d\u00edsle 0908 157 231 (Orange) &nbsp; V pr\u00edpade ot\u00e1zok n\u00e1s pros\u00edm kontaktujte<\/p>\n","protected":false},"author":1,"featured_media":0,"parent":0,"menu_order":0,"comment_status":"open","ping_status":"open","template":"","meta":[],"_links":{"self":[{"href":"https:\/\/www.eu-fondy.sk\/index.php?rest_route=\/wp\/v2\/pages\/40"}],"collection":[{"href":"https:\/\/www.eu-fondy.sk\/index.php?rest_route=\/wp\/v2\/pages"}],"about":[{"href":"https:\/\/www.eu-fondy.sk\/index.php?rest_route=\/wp\/v2\/types\/page"}],"author":[{"embeddable":true,"href":"https:\/\/www.eu-fondy.sk\/index.php?rest_route=\/wp\/v2\/users\/1"}],"replies":[{"embeddable":true,"href":"https:\/\/www.eu-fondy.sk\/index.php?rest_route=%2Fwp%2Fv2%2Fcomments&post=40"}],"version-history":[{"count":13,"href":"https:\/\/www.eu-fondy.sk\/index.php?rest_route=\/wp\/v2\/pages\/40\/revisions"}],"predecessor-version":[{"id":469,"href":"https:\/\/www.eu-fondy.sk\/index.php?rest_route=\/wp\/v2\/pages\/40\/revisions\/469"}],"wp:attachment":[{"href":"https:\/\/www.eu-fondy.sk\/index.php?rest_route=%2Fwp%2Fv2%2Fmedia&parent=40"}],"curies":[{"name":"wp","href":"https:\/\/api.w.org\/{rel}","templated":true}]}}